{"id":280,"date":"2021-07-28T12:03:37","date_gmt":"2021-07-28T15:03:37","guid":{"rendered":"https:\/\/eventoum.com\/inscricao\/?post_type=product&#038;p=280"},"modified":"2021-11-06T08:44:56","modified_gmt":"2021-11-06T11:44:56","slug":"inscricao-principios-basicos-de-qualidade-e-rastreabilidade-em-laboratorios-em-empresas-de-base-biotecnologica","status":"publish","type":"product","link":"https:\/\/eventoum.com\/inscricao\/produto\/inscricao-principios-basicos-de-qualidade-e-rastreabilidade-em-laboratorios-em-empresas-de-base-biotecnologica\/","title":{"rendered":"Inscri\u00e7\u00e3o &#8211; PRINC\u00cdPIOS B\u00c1SICOS DE QUALIDADE E RASTREABILIDADE EM LABORAT\u00d3RIOS EM EMPRESAS DE BASE BIOTECNOL\u00d3GICA"},"content":{"rendered":"<p><strong>CURSO: PRINC\u00cdPIOS B\u00c1SICOS DE QUALIDADE E RASTREABILIDADE EM LABORAT\u00d3RIOS EM EMPRESAS DE BASE BIOTECNOL\u00d3GICA.<\/strong><\/p>\n<p>Curso em formato EAD ao vivo com dura\u00e7\u00e3o total 8 horas, divididos em 4 encontros de 2 horas.<br \/>\nVagas: 50<br \/>\nPer\u00edodo: 09\/11 a 12\/11\/2021<br \/>\nInscri\u00e7\u00f5es: 13\/09 a 25\/10\/2021<br \/>\nHor\u00e1rio: 14 \u00e0s 16 horas<br \/>\nMinistrante: Izabel Villela &#8211; InnVitro<br \/>\nVantagens: Treinamento realizado por avaliadora da qualidade ISO\/IEC 17025 e BPL da REDE Metrol\u00f3gica RS e da CGCRE INMETRO.<\/p>\n<p>A equipe da InnVitro \u00e9 pioneira no Brasil na implementa\u00e7\u00e3o de ensaios biol\u00f3gicos de acordo com sistemas da qualidade. Possui mais de 15 anos de experi\u00eancia na implementa\u00e7\u00e3o e aplica\u00e7\u00e3o da norma Boas Pr\u00e1ticas de Laborat\u00f3rio (BPLs) e normas complementares em laborat\u00f3rio de presta\u00e7\u00e3o de servi\u00e7os em ensaios biol\u00f3gicos.<\/p>\n<p>O treinamento \u00e9 fundamental para empresas que buscam o desenvolvimento de produtos e processos biotecnol\u00f3gicos, uma vez que, este desenvolvimento ser\u00e1 avaliado por \u00f3rg\u00e3os regulat\u00f3rios que ir\u00e3o exigir experimenta\u00e7\u00e3o nestas normas de qualidade e rastreabilidade.<\/p>\n<p>Haver\u00e1 fornecimento de material did\u00e1tico, contemplando todos os itens abordados no curso em formato digital.<\/p>\n<p><strong>Fornecimento de Certificado aos participantes.<\/strong><\/p>\n<p>Programa:<\/p>\n<ul>\n<li>Conceitos gerais em Qualidade<\/li>\n<li>Hist\u00f3rico, utilidade e import\u00e2ncia de sistemas de Qualidade para empresas com base biotecnol\u00f3gica<\/li>\n<li>Procedimentos Operacionais Padr\u00e3o<\/li>\n<li>Registros e rastreabilidade<\/li>\n<li>Qualidade e Gest\u00e3o<\/li>\n<li>Principais normas e sua aplica\u00e7\u00e3o<\/li>\n<\/ul>\n<p><strong>Investimento: R$ 250,00, s\u00f3cios da SulBiotec com anuidade em dia ter\u00e3o 50% de desconto.<\/strong><\/p>\n","protected":false},"excerpt":{"rendered":"<p><strong>Curso em formato EAD ao vivo com dura\u00e7\u00e3o total 8 horas, divididos em 4 encontros de 2 horas.<\/strong><\/p>\n<p><strong>Inscri\u00e7\u00f5es de 09\/11 a 12\/11 &#8211; R$ 250,00<\/strong><\/p>\n<p><strong>S\u00f3cios da SulBiotec com anuidade em dia ter\u00e3o 50% de desconto.<\/strong><\/p>\n","protected":false},"featured_media":365,"template":"","meta":[],"product_cat":[25],"product_tag":[],"class_list":["post-280","product","type-product","status-publish","has-post-thumbnail","hentry","product_cat-cursos"],"_links":{"self":[{"href":"https:\/\/eventoum.com\/inscricao\/wp-json\/wp\/v2\/product\/280","targetHints":{"allow":["GET"]}}],"collection":[{"href":"https:\/\/eventoum.com\/inscricao\/wp-json\/wp\/v2\/product"}],"about":[{"href":"https:\/\/eventoum.com\/inscricao\/wp-json\/wp\/v2\/types\/product"}],"wp:featuredmedia":[{"embeddable":true,"href":"https:\/\/eventoum.com\/inscricao\/wp-json\/wp\/v2\/media\/365"}],"wp:attachment":[{"href":"https:\/\/eventoum.com\/inscricao\/wp-json\/wp\/v2\/media?parent=280"}],"wp:term":[{"taxonomy":"product_cat","embeddable":true,"href":"https:\/\/eventoum.com\/inscricao\/wp-json\/wp\/v2\/product_cat?post=280"},{"taxonomy":"product_tag","embeddable":true,"href":"https:\/\/eventoum.com\/inscricao\/wp-json\/wp\/v2\/product_tag?post=280"}],"curies":[{"name":"wp","href":"https:\/\/api.w.org\/{rel}","templated":true}]}}