{"id":35,"date":"2021-03-19T16:23:37","date_gmt":"2021-03-19T19:23:37","guid":{"rendered":"https:\/\/eventoum.com\/inscricao\/?page_id=35"},"modified":"2021-11-06T08:51:54","modified_gmt":"2021-11-06T11:51:54","slug":"teste","status":"publish","type":"page","link":"https:\/\/eventoum.com\/inscricao\/","title":{"rendered":"Home"},"content":{"rendered":"\t\t<div data-elementor-type=\"wp-page\" data-elementor-id=\"35\" class=\"elementor elementor-35\" data-elementor-settings=\"[]\">\n\t\t\t\t\t\t\t<div class=\"elementor-section-wrap\">\n\t\t\t\t\t\t\t<section class=\"elementor-section elementor-top-section elementor-element elementor-element-6794ad6 elementor-section-boxed elementor-section-height-default elementor-section-height-default\" data-id=\"6794ad6\" data-element_type=\"section\">\n\t\t\t\t\t\t<div class=\"elementor-container elementor-column-gap-default\">\n\t\t\t\t\t<div class=\"elementor-column elementor-col-100 elementor-top-column elementor-element elementor-element-ddbc39b\" data-id=\"ddbc39b\" data-element_type=\"column\">\n\t\t\t<div class=\"elementor-widget-wrap elementor-element-populated\">\n\t\t\t\t\t\t\t\t<div class=\"elementor-element elementor-element-2b9d333 elementor-widget elementor-widget-image\" data-id=\"2b9d333\" data-element_type=\"widget\" data-widget_type=\"image.default\">\n\t\t\t\t<div class=\"elementor-widget-container\">\n\t\t\t\t\t<div class=\"elementor-image\">\n\t\t\t\t\t\t\t\t\t\t<img loading=\"lazy\" decoding=\"async\" width=\"650\" height=\"117\" src=\"https:\/\/eventoum.com\/inscricao\/wp-content\/uploads\/2021\/07\/logos1-1.png\" class=\"attachment-large size-large\" alt=\"\" srcset=\"https:\/\/eventoum.com\/inscricao\/wp-content\/uploads\/2021\/07\/logos1-1.png 650w, https:\/\/eventoum.com\/inscricao\/wp-content\/uploads\/2021\/07\/logos1-1-300x54.png 300w, https:\/\/eventoum.com\/inscricao\/wp-content\/uploads\/2021\/07\/logos1-1-600x108.png 600w\" sizes=\"auto, (max-width: 650px) 100vw, 650px\" \/>\t\t\t\t\t\t\t\t\t\t\t<\/div>\n\t\t\t\t<\/div>\n\t\t\t\t<\/div>\n\t\t\t\t\t<\/div>\n\t\t<\/div>\n\t\t\t\t\t\t\t<\/div>\n\t\t<\/section>\n\t\t\t\t<section class=\"elementor-section elementor-top-section elementor-element elementor-element-ebd2076 elementor-section-boxed elementor-section-height-default elementor-section-height-default\" data-id=\"ebd2076\" data-element_type=\"section\">\n\t\t\t\t\t\t<div class=\"elementor-container elementor-column-gap-default\">\n\t\t\t\t\t<div class=\"elementor-column elementor-col-100 elementor-top-column elementor-element elementor-element-9dcc675\" data-id=\"9dcc675\" data-element_type=\"column\">\n\t\t\t<div class=\"elementor-widget-wrap elementor-element-populated\">\n\t\t\t\t\t\t\t\t<section class=\"elementor-section elementor-inner-section elementor-element elementor-element-c72d876 elementor-section-boxed elementor-section-height-default elementor-section-height-default\" data-id=\"c72d876\" data-element_type=\"section\">\n\t\t\t\t\t\t<div class=\"elementor-container elementor-column-gap-default\">\n\t\t\t\t\t<div class=\"elementor-column elementor-col-50 elementor-inner-column elementor-element elementor-element-5e0af60\" data-id=\"5e0af60\" data-element_type=\"column\">\n\t\t\t<div class=\"elementor-widget-wrap elementor-element-populated\">\n\t\t\t\t\t\t\t\t<div class=\"elementor-element elementor-element-df505c2 elementor-widget elementor-widget-image\" data-id=\"df505c2\" data-element_type=\"widget\" data-widget_type=\"image.default\">\n\t\t\t\t<div class=\"elementor-widget-container\">\n\t\t\t\t\t<div class=\"elementor-image\">\n\t\t\t\t\t\t\t\t\t\t<img loading=\"lazy\" decoding=\"async\" width=\"600\" height=\"428\" src=\"https:\/\/eventoum.com\/inscricao\/wp-content\/uploads\/2021\/07\/banner1.png\" class=\"attachment-large size-large\" alt=\"\" srcset=\"https:\/\/eventoum.com\/inscricao\/wp-content\/uploads\/2021\/07\/banner1.png 600w, https:\/\/eventoum.com\/inscricao\/wp-content\/uploads\/2021\/07\/banner1-300x214.png 300w\" sizes=\"auto, (max-width: 600px) 100vw, 600px\" \/>\t\t\t\t\t\t\t\t\t\t\t<\/div>\n\t\t\t\t<\/div>\n\t\t\t\t<\/div>\n\t\t\t\t\t<\/div>\n\t\t<\/div>\n\t\t\t\t<div class=\"elementor-column elementor-col-50 elementor-inner-column elementor-element elementor-element-7bf1bfc\" data-id=\"7bf1bfc\" data-element_type=\"column\">\n\t\t\t<div class=\"elementor-widget-wrap elementor-element-populated\">\n\t\t\t\t\t\t\t\t<div class=\"elementor-element elementor-element-5ebbd97 elementor-widget elementor-widget-heading\" data-id=\"5ebbd97\" data-element_type=\"widget\" data-widget_type=\"heading.default\">\n\t\t\t\t<div class=\"elementor-widget-container\">\n\t\t\t<h2 class=\"elementor-heading-title elementor-size-default\">INSCRI\u00c7\u00d5ES ENCERRADAS<\/h2>\t\t<\/div>\n\t\t\t\t<\/div>\n\t\t\t\t<div class=\"elementor-element elementor-element-7961da8 elementor-widget elementor-widget-heading\" data-id=\"7961da8\" data-element_type=\"widget\" data-widget_type=\"heading.default\">\n\t\t\t\t<div class=\"elementor-widget-container\">\n\t\t\t<h4 class=\"elementor-heading-title elementor-size-default\">CURSO: PRINC\u00cdPIOS B\u00c1SICOS DE QUALIDADE E RASTREABILIDADE EM LABORAT\u00d3RIOS EM EMPRESAS DE BASE BIOTECNOL\u00d3GICA<br>Curso em formato EAD ao vivo com dura\u00e7\u00e3o total 8 horas, divididos em 4 encontros de 2 horas.<\/h4>\t\t<\/div>\n\t\t\t\t<\/div>\n\t\t\t\t<div class=\"elementor-element elementor-element-47ab50f elementor-widget elementor-widget-heading\" data-id=\"47ab50f\" data-element_type=\"widget\" data-widget_type=\"heading.default\">\n\t\t\t\t<div class=\"elementor-widget-container\">\n\t\t\t<h4 class=\"elementor-heading-title elementor-size-default\">Inscri\u00e7\u00f5es <b>de 13\/09 a 05\/11(PRORROGADO) - R$ 250,00*<\/b><br>*S\u00f3cios da SulBiotec com anuidade em dia ter\u00e3o 50% de desconto.<br>Vagas: 50<br>\nPer\u00edodo do curso: 09\/11 a 12\/11\/2021\nHor\u00e1rio: 14 \u00e0s 16 horas\nMinistrante: Izabel Villela - InnVitro <br><\/h4>\t\t<\/div>\n\t\t\t\t<\/div>\n\t\t\t\t<div class=\"elementor-element elementor-element-e6c5c73 elementor-align-left elementor-widget elementor-widget-button\" data-id=\"e6c5c73\" data-element_type=\"widget\" data-widget_type=\"button.default\">\n\t\t\t\t<div class=\"elementor-widget-container\">\n\t\t\t\t\t<div class=\"elementor-button-wrapper\">\n\t\t\t<a href=\"#\" class=\"elementor-button-link elementor-button elementor-size-xl\" role=\"button\">\n\t\t\t\t\t\t<span class=\"elementor-button-content-wrapper\">\n\t\t\t\t\t\t<span class=\"elementor-button-text\">INSCRI\u00c7\u00d5ES ENCERRADAS\u200b<\/span>\n\t\t<\/span>\n\t\t\t\t\t<\/a>\n\t\t<\/div>\n\t\t\t\t<\/div>\n\t\t\t\t<\/div>\n\t\t\t\t\t<\/div>\n\t\t<\/div>\n\t\t\t\t\t\t\t<\/div>\n\t\t<\/section>\n\t\t\t\t\t<\/div>\n\t\t<\/div>\n\t\t\t\t\t\t\t<\/div>\n\t\t<\/section>\n\t\t\t\t<section class=\"elementor-section elementor-top-section elementor-element elementor-element-8c78600 elementor-section-boxed elementor-section-height-default elementor-section-height-default\" data-id=\"8c78600\" data-element_type=\"section\" data-settings=\"{&quot;background_background&quot;:&quot;classic&quot;}\">\n\t\t\t\t\t\t<div class=\"elementor-container elementor-column-gap-default\">\n\t\t\t\t\t<div class=\"elementor-column elementor-col-100 elementor-top-column elementor-element elementor-element-90a49f3\" data-id=\"90a49f3\" data-element_type=\"column\">\n\t\t\t<div class=\"elementor-widget-wrap elementor-element-populated\">\n\t\t\t\t\t\t\t\t<div class=\"elementor-element elementor-element-b65af56 elementor-widget elementor-widget-heading\" data-id=\"b65af56\" data-element_type=\"widget\" data-widget_type=\"heading.default\">\n\t\t\t\t<div class=\"elementor-widget-container\">\n\t\t\t<h1 class=\"elementor-heading-title elementor-size-default\">SAIBA MAIS SOBRE O CURSO<\/h1>\t\t<\/div>\n\t\t\t\t<\/div>\n\t\t\t\t\t<\/div>\n\t\t<\/div>\n\t\t\t\t\t\t\t<\/div>\n\t\t<\/section>\n\t\t\t\t<section class=\"elementor-section elementor-top-section elementor-element elementor-element-7072e0e elementor-section-boxed elementor-section-height-default elementor-section-height-default\" data-id=\"7072e0e\" data-element_type=\"section\">\n\t\t\t\t\t\t<div class=\"elementor-container elementor-column-gap-default\">\n\t\t\t\t\t<div class=\"elementor-column elementor-col-50 elementor-top-column elementor-element elementor-element-89d0d44\" data-id=\"89d0d44\" data-element_type=\"column\">\n\t\t\t<div class=\"elementor-widget-wrap elementor-element-populated\">\n\t\t\t\t\t\t\t\t<div class=\"elementor-element elementor-element-d94874b elementor-widget elementor-widget-text-editor\" data-id=\"d94874b\" data-element_type=\"widget\" data-widget_type=\"text-editor.default\">\n\t\t\t\t<div class=\"elementor-widget-container\">\n\t\t\t\t\t<div class=\"elementor-text-editor elementor-clearfix\"><h1><strong><span style=\"font-style: inherit; color: var( --e-global-color-text );\">Informa\u00e7\u00f5es Gerais:<\/span><\/strong><\/h1><p><span style=\"font-style: inherit; font-weight: inherit; color: var( --e-global-color-text );\"><strong>Vagas:<\/strong> 50<br \/><\/span><span style=\"font-style: inherit; font-weight: inherit; color: var( --e-global-color-text );\"><strong>Per\u00edodo:<\/strong> 09\/11 a 12\/11\/2021<br \/><\/span><span style=\"font-style: inherit; font-weight: inherit; color: var( --e-global-color-text );\"><strong>Hor\u00e1rio:<\/strong> 14 \u00e0s 16 horas<br \/><\/span><span style=\"font-style: inherit; font-weight: inherit; color: var( --e-global-color-text );\"><strong>Ministrante: <\/strong>Izabel Villela &#8211; InnVitro <br \/><\/span><\/p><h1><strong><span style=\"font-style: inherit; color: var( --e-global-color-text );\">Vantagens:<\/span><\/strong><\/h1><p><span style=\"font-style: inherit; font-weight: inherit; color: var( --e-global-color-text );\">Treinamento realizado por avaliadora da qualidade ISO\/IEC 17025 e BPL da REDE Metrol\u00f3gica RS e da CGCRE INMETRO.<\/span><\/p><p><span style=\"font-style: inherit; font-weight: inherit; color: var( --e-global-color-text );\">A equipe da InnVitro \u00e9 pioneira no Brasil na implementa\u00e7\u00e3o de ensaios biol\u00f3gicos de acordo com sistemas da qualidade. Possui mais de 15 anos de experi\u00eancia na implementa\u00e7\u00e3o e aplica\u00e7\u00e3o da norma Boas Pr\u00e1ticas de Laborat\u00f3rio (BPLs) e normas complementares em laborat\u00f3rio de presta\u00e7\u00e3o de servi\u00e7os em ensaios biol\u00f3gicos.<\/span><\/p><p>O treinamento \u00e9 fundamental para empresas que buscam o desenvolvimento de produtos e processos biotecnol\u00f3gicos, uma vez que, este desenvolvimento ser\u00e1 avaliado por \u00f3rg\u00e3os regulat\u00f3rios que ir\u00e3o exigir experimenta\u00e7\u00e3o nestas normas de qualidade e rastreabilidade.\u00a0<\/p><p>Haver\u00e1 fornecimento de material did\u00e1tico, contemplando todos os itens abordados no curso em formato digital.<\/p><p><strong>Fornecimento de Certificado aos participantes.<\/strong><\/p><\/div>\n\t\t\t\t<\/div>\n\t\t\t\t<\/div>\n\t\t\t\t\t<\/div>\n\t\t<\/div>\n\t\t\t\t<div class=\"elementor-column elementor-col-50 elementor-top-column elementor-element elementor-element-0c1a5fe\" data-id=\"0c1a5fe\" data-element_type=\"column\">\n\t\t\t<div class=\"elementor-widget-wrap elementor-element-populated\">\n\t\t\t\t\t\t\t\t<div class=\"elementor-element elementor-element-b3cbdcc elementor-widget elementor-widget-text-editor\" data-id=\"b3cbdcc\" data-element_type=\"widget\" data-widget_type=\"text-editor.default\">\n\t\t\t\t<div class=\"elementor-widget-container\">\n\t\t\t\t\t<div class=\"elementor-text-editor elementor-clearfix\"><h1><strong>Programa:<\/strong><\/h1><ul><li>Conceitos gerais em Qualidade<\/li><li>Hist\u00f3rico, utilidade e import\u00e2ncia de sistemas de Qualidade para empresas com base biotecnol\u00f3gica<\/li><li>Procedimentos Operacionais Padr\u00e3o<\/li><li>Registros e rastreabilidade<\/li><li>Qualidade e Gest\u00e3o<\/li><li>Principais normas e sua aplica\u00e7\u00e3o<\/li><\/ul><\/div>\n\t\t\t\t<\/div>\n\t\t\t\t<\/div>\n\t\t\t\t\t<\/div>\n\t\t<\/div>\n\t\t\t\t\t\t\t<\/div>\n\t\t<\/section>\n\t\t\t\t<section class=\"elementor-section elementor-top-section elementor-element elementor-element-53b3af5 elementor-section-boxed elementor-section-height-default elementor-section-height-default\" data-id=\"53b3af5\" data-element_type=\"section\">\n\t\t\t\t\t\t<div class=\"elementor-container elementor-column-gap-default\">\n\t\t\t\t\t<div class=\"elementor-column elementor-col-100 elementor-top-column elementor-element elementor-element-a711fc6\" data-id=\"a711fc6\" data-element_type=\"column\">\n\t\t\t<div class=\"elementor-widget-wrap elementor-element-populated\">\n\t\t\t\t\t\t\t\t<div class=\"elementor-element elementor-element-92f7432 elementor-shape-rounded elementor-grid-0 e-grid-align-center elementor-widget elementor-widget-social-icons\" data-id=\"92f7432\" data-element_type=\"widget\" data-widget_type=\"social-icons.default\">\n\t\t\t\t<div class=\"elementor-widget-container\">\n\t\t\t\t\t<div class=\"elementor-social-icons-wrapper elementor-grid\">\n\t\t\t\t\t\t\t<div class=\"elementor-grid-item\">\n\t\t\t\t\t<a class=\"elementor-icon elementor-social-icon elementor-social-icon-home elementor-repeater-item-574e657\" href=\"http:\/\/www.sulbiotec.com.br\/\" target=\"_blank\">\n\t\t\t\t\t\t<span class=\"elementor-screen-only\">Home<\/span>\n\t\t\t\t\t\t<i class=\"fas fa-home\"><\/i>\t\t\t\t\t<\/a>\n\t\t\t\t<\/div>\n\t\t\t\t\t\t\t<div class=\"elementor-grid-item\">\n\t\t\t\t\t<a class=\"elementor-icon elementor-social-icon elementor-social-icon-facebook elementor-repeater-item-3b8dfa0\" href=\"https:\/\/www.facebook.com\/sulbiotec\" target=\"_blank\">\n\t\t\t\t\t\t<span class=\"elementor-screen-only\">Facebook<\/span>\n\t\t\t\t\t\t<i class=\"fab fa-facebook\"><\/i>\t\t\t\t\t<\/a>\n\t\t\t\t<\/div>\n\t\t\t\t\t\t\t<div class=\"elementor-grid-item\">\n\t\t\t\t\t<a class=\"elementor-icon elementor-social-icon elementor-social-icon-instagram elementor-repeater-item-c316c2d\" href=\"https:\/\/www.instagram.com\/sulbiotec\/\" target=\"_blank\">\n\t\t\t\t\t\t<span class=\"elementor-screen-only\">Instagram<\/span>\n\t\t\t\t\t\t<i class=\"fab fa-instagram\"><\/i>\t\t\t\t\t<\/a>\n\t\t\t\t<\/div>\n\t\t\t\t\t\t\t<div class=\"elementor-grid-item\">\n\t\t\t\t\t<a class=\"elementor-icon elementor-social-icon elementor-social-icon-youtube elementor-repeater-item-5caaed4\" href=\"https:\/\/www.youtube.com\/channel\/UCwfVB7NEGSIpXcIBZsty6Mw\" target=\"_blank\">\n\t\t\t\t\t\t<span class=\"elementor-screen-only\">Youtube<\/span>\n\t\t\t\t\t\t<i class=\"fab fa-youtube\"><\/i>\t\t\t\t\t<\/a>\n\t\t\t\t<\/div>\n\t\t\t\t\t<\/div>\n\t\t\t\t<\/div>\n\t\t\t\t<\/div>\n\t\t\t\t\t<\/div>\n\t\t<\/div>\n\t\t\t\t\t\t\t<\/div>\n\t\t<\/section>\n\t\t\t\t\t\t<\/div>\n\t\t\t\t\t<\/div>\n\t\t","protected":false},"excerpt":{"rendered":"<p>INSCRI\u00c7\u00d5ES ENCERRADAS CURSO: PRINC\u00cdPIOS B\u00c1SICOS DE QUALIDADE E RASTREABILIDADE EM LABORAT\u00d3RIOS EM EMPRESAS DE BASE BIOTECNOL\u00d3GICACurso em formato EAD ao vivo com dura\u00e7\u00e3o total 8 horas, divididos em 4 encontros de 2 horas. Inscri\u00e7\u00f5es de 13\/09 a 05\/11(PRORROGADO) &#8211; R$ 250,00**S\u00f3cios da SulBiotec com anuidade em dia ter\u00e3o 50% de desconto.Vagas: 50 Per\u00edodo do curso: &hellip;<\/p>\n<p class=\"read-more\"> <a class=\"\" href=\"https:\/\/eventoum.com\/inscricao\/\"> <span class=\"screen-reader-text\">Home<\/span> Leia mais &raquo;<\/a><\/p>\n","protected":false},"author":1,"featured_media":0,"parent":0,"menu_order":0,"comment_status":"closed","ping_status":"closed","template":"","meta":{"footnotes":""},"class_list":["post-35","page","type-page","status-publish","hentry"],"_links":{"self":[{"href":"https:\/\/eventoum.com\/inscricao\/wp-json\/wp\/v2\/pages\/35","targetHints":{"allow":["GET"]}}],"collection":[{"href":"https:\/\/eventoum.com\/inscricao\/wp-json\/wp\/v2\/pages"}],"about":[{"href":"https:\/\/eventoum.com\/inscricao\/wp-json\/wp\/v2\/types\/page"}],"author":[{"embeddable":true,"href":"https:\/\/eventoum.com\/inscricao\/wp-json\/wp\/v2\/users\/1"}],"replies":[{"embeddable":true,"href":"https:\/\/eventoum.com\/inscricao\/wp-json\/wp\/v2\/comments?post=35"}],"version-history":[{"count":125,"href":"https:\/\/eventoum.com\/inscricao\/wp-json\/wp\/v2\/pages\/35\/revisions"}],"predecessor-version":[{"id":408,"href":"https:\/\/eventoum.com\/inscricao\/wp-json\/wp\/v2\/pages\/35\/revisions\/408"}],"wp:attachment":[{"href":"https:\/\/eventoum.com\/inscricao\/wp-json\/wp\/v2\/media?parent=35"}],"curies":[{"name":"wp","href":"https:\/\/api.w.org\/{rel}","templated":true}]}}